{"id":340,"date":"2025-05-19T18:10:27","date_gmt":"2025-05-19T16:10:27","guid":{"rendered":"https:\/\/alouvillas.com\/?page_id=340"},"modified":"2025-08-13T11:00:58","modified_gmt":"2025-08-13T09:00:58","slug":"gestion-apartamentos-alicante","status":"publish","type":"page","link":"http:\/\/alouvillas.com\/es_es\/gestion-apartamentos-alicante\/","title":{"rendered":"gesti\u00f3n apartamentos alicante"},"content":{"rendered":"\t\t<div data-elementor-type=\"wp-page\" data-elementor-id=\"340\" class=\"elementor elementor-340\" data-elementor-post-type=\"page\">\n\t\t\t\t<div class=\"elementor-element elementor-element-183a1bd e-con-full home-header e-flex e-con e-parent\" data-id=\"183a1bd\" data-element_type=\"container\" data-settings=\"{&quot;background_background&quot;:&quot;video&quot;,&quot;background_video_link&quot;:&quot;https:\\\/\\\/alouvillas.com\\\/wp-content\\\/uploads\\\/2025\\\/05\\\/gestion-alquiler-vacacional.mov&quot;,&quot;background_play_on_mobile&quot;:&quot;yes&quot;}\">\n\t\t<div class=\"elementor-background-video-container\" aria-hidden=\"true\">\n\t\t\t\t\t\t\t<video class=\"elementor-background-video-hosted\" autoplay muted playsinline loop><\/video>\n\t\t\t\t\t<\/div>\t\t<div class=\"elementor-element elementor-element-119ae72 elementor-widget__width-initial elementor-invisible elementor-widget elementor-widget-heading\" data-id=\"119ae72\" data-element_type=\"widget\" data-settings=\"{&quot;_animation&quot;:&quot;fadeIn&quot;}\" data-widget_type=\"heading.default\">\n\t\t\t\t<div class=\"elementor-widget-container\">\n\t\t\t\t\t<h2 class=\"elementor-heading-title elementor-size-default\">Gesti\u00f3n completa de propiedades<\/h2>\t\t\t\t<\/div>\n\t\t\t\t<\/div>\n\t\t\t\t<div class=\"elementor-element elementor-element-7259f6f elementor-widget__width-initial elementor-widget elementor-widget-text-editor\" data-id=\"7259f6f\" data-element_type=\"widget\" data-widget_type=\"text-editor.default\">\n\t\t\t\t<div class=\"elementor-widget-container\">\n\t\t\t\t\t\t\t\t\t<p>En Alou Villas, nuestro servicio de gesti\u00f3n completa se encarga de todos los aspectos de tu vivienda vacacional, desde la comunicaci\u00f3n con los hu\u00e9spedes hasta la limpieza y el mantenimiento, mientras t\u00fa mantienes la propiedad y el control total de tu vivienda.<\/p>\t\t\t\t\t\t\t\t<\/div>\n\t\t\t\t<\/div>\n\t\t\t\t<\/div>\n\t\t<div class=\"elementor-element elementor-element-2649bdf e-flex e-con-boxed e-con e-parent\" data-id=\"2649bdf\" data-element_type=\"container\">\n\t\t\t\t\t<div class=\"e-con-inner\">\n\t\t<div class=\"elementor-element elementor-element-c87c9db e-con-full e-flex e-con e-child\" data-id=\"c87c9db\" data-element_type=\"container\">\n\t\t<div class=\"elementor-element elementor-element-231ef70 e-con-full e-flex e-con e-child\" data-id=\"231ef70\" data-element_type=\"container\" data-settings=\"{&quot;background_background&quot;:&quot;classic&quot;}\">\n\t\t<div class=\"elementor-element elementor-element-9e5a419 e-con-full e-flex e-con e-child\" data-id=\"9e5a419\" data-element_type=\"container\">\n\t\t\t\t<div class=\"elementor-element elementor-element-bbc5c40 elementor-invisible elementor-widget elementor-widget-heading\" data-id=\"bbc5c40\" data-element_type=\"widget\" data-settings=\"{&quot;_animation&quot;:&quot;fadeIn&quot;}\" data-widget_type=\"heading.default\">\n\t\t\t\t<div class=\"elementor-widget-container\">\n\t\t\t\t\t<h2 class=\"elementor-heading-title elementor-size-default\">\u00bfDe qu\u00e9 nos encargamos?<\/h2>\t\t\t\t<\/div>\n\t\t\t\t<\/div>\n\t\t<div class=\"elementor-element elementor-element-e4359f8 e-con-full e-flex e-con e-child\" data-id=\"e4359f8\" data-element_type=\"container\">\n\t\t<div class=\"elementor-element elementor-element-18adb08 e-con-full e-flex e-con e-child\" data-id=\"18adb08\" data-element_type=\"container\">\n\t\t\t\t<div class=\"elementor-element elementor-element-b7fe3a9 elementor-widget elementor-widget-text-editor\" data-id=\"b7fe3a9\" data-element_type=\"widget\" data-widget_type=\"text-editor.default\">\n\t\t\t\t<div class=\"elementor-widget-container\">\n\t\t\t\t\t\t\t\t\t<ul><li><strong>Creaci\u00f3n y optimizaci\u00f3n de anuncios <\/strong>en plataformas, nuestra web y redes sociales.<\/li><li><strong>Comunicaci\u00f3n<\/strong> con los hu\u00e9spedes.<\/li><li><strong>Fotograf\u00eda profesional<\/strong> (Este costo corre por cuenta del propietario).<\/li><li><strong>Registro de hu\u00e9spedes:<\/strong> Es obligatorio por ley registrar todos los datos de los hu\u00e9spedes en la polic\u00eda. No te preocupes, nosotros nos encargamos de todo el proceso, asegurando el cumplimiento legal.<\/li><li><strong>Gesti\u00f3n de la Licencia Tur\u00edstica<\/strong>: Nos ocupamos de todo \u2014 desde la preparaci\u00f3n y entrega de la documentaci\u00f3n necesaria ante el ayuntamiento y la Generalitat Valenciana (GVA), asegurando que tu propiedad cuente con la licencia correspondiente. (Este costo corre por cuenta del propietario).<\/li><li>Check-in y check-out de los hu\u00e9spedes.<\/li><li><strong>Limpieza y lavander\u00eda<\/strong> (Nosotros lo gestionamos, pero el coste lo asume el propietario).<\/li><li><strong>Mantenimiento<\/strong> (Nosotros lo gestionamos, pero el coste lo asume el propietario).<\/li><li><strong>Gesti\u00f3n de precios din\u00e1micos:<\/strong> Optimizamos tus tarifas de alquiler por temporada y d\u00eda, utilizando un estudio de mercado para maximizar tus ingresos.<\/li><li><strong>Contabilidad y Pagos<\/strong>: Te enviaremos una factura mensual con los gastos, y todos los ingresos se transferir\u00e1n directamente a tu cuenta bancaria.<\/li><li>Te <strong>ayudamos a decorar, renovar y limpiar tu vivienda<\/strong> para darle un nuevo aire y hacerla m\u00e1s atractiva.<\/li><li><strong>Cuidamos tu apartamento o villa<\/strong> con esmero, asegur\u00e1ndonos de que est\u00e9 siempre impecable, en excelente estado y listo para que lo disfrutes cuando quieras.<\/li><\/ul>\t\t\t\t\t\t\t\t<\/div>\n\t\t\t\t<\/div>\n\t\t\t\t<\/div>\n\t\t\t\t<\/div>\n\t\t\t\t<\/div>\n\t\t<div class=\"elementor-element elementor-element-ccb2d2c e-con-full e-flex e-con e-child\" data-id=\"ccb2d2c\" data-element_type=\"container\">\n\t\t\t\t<div class=\"elementor-element elementor-element-79451a0 elementor-invisible elementor-widget elementor-widget-heading\" data-id=\"79451a0\" data-element_type=\"widget\" data-settings=\"{&quot;_animation&quot;:&quot;fadeIn&quot;}\" data-widget_type=\"heading.default\">\n\t\t\t\t<div class=\"elementor-widget-container\">\n\t\t\t\t\t<h2 class=\"elementor-heading-title elementor-size-default\">Ventajas<\/h2>\t\t\t\t<\/div>\n\t\t\t\t<\/div>\n\t\t\t\t<div class=\"elementor-element elementor-element-8257786 elementor-widget elementor-widget-text-editor\" data-id=\"8257786\" data-element_type=\"widget\" data-widget_type=\"text-editor.default\">\n\t\t\t\t<div class=\"elementor-widget-container\">\n\t\t\t\t\t\t\t\t\t<ul><li>Sigues siendo el propietario y puedes utilizar tu apartamento cuando lo necesites.<\/li><li>Mayor control sobre tu propiedad, sin trabajo para ti.<\/li><li>Trabajamos con plataformas (Airbnb, Booking, etc.) que ofrecen seguros de hasta 1 mill\u00f3n de euros si ocurre alg\u00fan incidente.<\/li><li>Obtienes ingresos variables durante todo el a\u00f1o, generalmente m\u00e1s altos en temporada alta.<\/li><li>Convertimos tu propiedad en un ingreso pasivo, manteni\u00e9ndote en perfectas condiciones sin que tengas que preocuparte por nada.<\/li><li>No te preocupes por nada: Alou Villas lo gestiona todo por ti.<\/li><\/ul>\t\t\t\t\t\t\t\t<\/div>\n\t\t\t\t<\/div>\n\t\t\t\t<\/div>\n\t\t\t\t<\/div>\n\t\t\t\t<\/div>\n\t\t\t\t\t<\/div>\n\t\t\t\t<\/div>\n\t\t\t\t<\/div>\n\t\t","protected":false},"excerpt":{"rendered":"<p>Gesti\u00f3n completa de propiedades En Alou Villas, nuestro servicio de gesti\u00f3n completa se encarga de todos los aspectos de tu vivienda vacacional, desde la comunicaci\u00f3n con los hu\u00e9spedes hasta la limpieza y el mantenimiento, mientras t\u00fa mantienes la propiedad y el control total de tu vivienda. \u00bfDe qu\u00e9 nos encargamos? Creaci\u00f3n y optimizaci\u00f3n de anuncios [&hellip;]<\/p>\n","protected":false},"author":1,"featured_media":0,"parent":0,"menu_order":0,"comment_status":"closed","ping_status":"closed","template":"","meta":{"footnotes":""},"class_list":["post-340","page","type-page","status-publish","hentry"],"_links":{"self":[{"href":"http:\/\/alouvillas.com\/es_es\/wp-json\/wp\/v2\/pages\/340","targetHints":{"allow":["GET"]}}],"collection":[{"href":"http:\/\/alouvillas.com\/es_es\/wp-json\/wp\/v2\/pages"}],"about":[{"href":"http:\/\/alouvillas.com\/es_es\/wp-json\/wp\/v2\/types\/page"}],"author":[{"embeddable":true,"href":"http:\/\/alouvillas.com\/es_es\/wp-json\/wp\/v2\/users\/1"}],"replies":[{"embeddable":true,"href":"http:\/\/alouvillas.com\/es_es\/wp-json\/wp\/v2\/comments?post=340"}],"version-history":[{"count":34,"href":"http:\/\/alouvillas.com\/es_es\/wp-json\/wp\/v2\/pages\/340\/revisions"}],"predecessor-version":[{"id":788,"href":"http:\/\/alouvillas.com\/es_es\/wp-json\/wp\/v2\/pages\/340\/revisions\/788"}],"wp:attachment":[{"href":"http:\/\/alouvillas.com\/es_es\/wp-json\/wp\/v2\/media?parent=340"}],"curies":[{"name":"wp","href":"https:\/\/api.w.org\/{rel}","templated":true}]}}