{"id":345,"date":"2025-05-19T18:11:11","date_gmt":"2025-05-19T16:11:11","guid":{"rendered":"https:\/\/alouvillas.com\/?page_id=345"},"modified":"2025-08-13T11:11:03","modified_gmt":"2025-08-13T09:11:03","slug":"rent-to-rent-alicante","status":"publish","type":"page","link":"http:\/\/alouvillas.com\/en\/rent-to-rent-alicante\/","title":{"rendered":"rent to rent alicante"},"content":{"rendered":"<div data-elementor-type=\"wp-page\" data-elementor-id=\"345\" class=\"elementor elementor-345\" data-elementor-post-type=\"page\">\n\t\t\t\t<div class=\"elementor-element elementor-element-7fccddf e-con-full home-header e-flex e-con e-parent\" data-id=\"7fccddf\" data-element_type=\"container\" data-settings=\"{&quot;background_background&quot;:&quot;video&quot;,&quot;background_video_link&quot;:&quot;https:\\\/\\\/alouvillas.com\\\/wp-content\\\/uploads\\\/2025\\\/05\\\/gestion-alquiler-vacacional.mov&quot;,&quot;background_play_on_mobile&quot;:&quot;yes&quot;}\">\n\t\t<div class=\"elementor-background-video-container\" aria-hidden=\"true\">\n\t\t\t\t\t\t\t<video class=\"elementor-background-video-hosted\" autoplay muted playsinline loop><\/video>\n\t\t\t\t\t<\/div>\t\t<div class=\"elementor-element elementor-element-49b6d68 elementor-widget__width-initial elementor-invisible elementor-widget elementor-widget-heading\" data-id=\"49b6d68\" data-element_type=\"widget\" data-settings=\"{&quot;_animation&quot;:&quot;fadeIn&quot;}\" data-widget_type=\"heading.default\">\n\t\t\t\t<div class=\"elementor-widget-container\">\n\t\t\t\t\t<h2 class=\"elementor-heading-title elementor-size-default\">Rent to rent<\/h2>\t\t\t\t<\/div>\n\t\t\t\t<\/div>\n\t\t\t\t<div class=\"elementor-element elementor-element-a324946 elementor-widget__width-initial elementor-widget elementor-widget-text-editor\" data-id=\"a324946\" data-element_type=\"widget\" data-widget_type=\"text-editor.default\">\n\t\t\t\t<div class=\"elementor-widget-container\">\n\t\t\t\t\t\t\t\t\t<p>With rent-to-rent model , Alou Villas rents your property for a specific period (usually 3 to 5 years) and pays you a fixed monthly rent, regardless of the property\u2019s occupancy.<\/p>\t\t\t\t\t\t\t\t<\/div>\n\t\t\t\t<\/div>\n\t\t\t\t<\/div>\n\t\t<div class=\"elementor-element elementor-element-e74aad7 e-flex e-con-boxed e-con e-parent\" data-id=\"e74aad7\" data-element_type=\"container\">\n\t\t\t\t\t<div class=\"e-con-inner\">\n\t\t<div class=\"elementor-element elementor-element-c79b3a8 e-con-full e-flex e-con e-child\" data-id=\"c79b3a8\" data-element_type=\"container\">\n\t\t<div class=\"elementor-element elementor-element-ba994b3 e-grid e-con-boxed e-con e-child\" data-id=\"ba994b3\" data-element_type=\"container\">\n\t\t\t\t\t<div class=\"e-con-inner\">\n\t\t\t\t<div class=\"elementor-element elementor-element-2ef47ca elementor-cta--skin-cover elementor-animated-content elementor-bg-transform elementor-bg-transform-zoom-in elementor-widget elementor-widget-call-to-action\" data-id=\"2ef47ca\" data-element_type=\"widget\" data-widget_type=\"call-to-action.default\">\n\t\t\t\t<div class=\"elementor-widget-container\">\n\t\t\t\t\t\t\t<div class=\"elementor-cta\">\n\t\t\t\t\t<div class=\"elementor-cta__bg-wrapper\">\n\t\t\t\t<div class=\"elementor-cta__bg elementor-bg\" style=\"background-image: url(https:\/\/alouvillas.com\/wp-content\/uploads\/2025\/05\/gestion-apartamento-chalet-1024x683.jpg);\" role=\"img\" aria-label=\"gestion-apartamento-chalet\"><\/div>\n\t\t\t\t<div class=\"elementor-cta__bg-overlay\"><\/div>\n\t\t\t<\/div>\n\t\t\t\t\t\t\t<div class=\"elementor-cta__content\">\n\t\t\t\t\n\t\t\t\t\t\t\t\t\t<h2 class=\"elementor-cta__title elementor-cta__content-item elementor-content-item elementor-animated-item--grow\">\n\t\t\t\t\t\tChalet Denia\t\t\t\t\t<\/h2>\n\t\t\t\t\n\t\t\t\t\n\t\t\t\t\t\t\t\t\t<div class=\"elementor-cta__button-wrapper elementor-cta__content-item elementor-content-item elementor-animated-item--grow\">\n\t\t\t\t\t<a class=\"elementor-cta__button elementor-button elementor-size-\" href=\"http:\/\/alouvillas.com\/en\/chalet-en-denia\/\">\n\t\t\t\t\t\tMore information\t\t\t\t\t<\/a>\n\t\t\t\t\t<\/div>\n\t\t\t\t\t\t\t<\/div>\n\t\t\t\t\t\t<\/div>\n\t\t\t\t\t\t<\/div>\n\t\t\t\t<\/div>\n\t\t\t\t<div class=\"elementor-element elementor-element-d43b668 elementor-cta--skin-cover elementor-animated-content elementor-bg-transform elementor-bg-transform-zoom-in elementor-widget elementor-widget-call-to-action\" data-id=\"d43b668\" data-element_type=\"widget\" data-widget_type=\"call-to-action.default\">\n\t\t\t\t<div class=\"elementor-widget-container\">\n\t\t\t\t\t\t\t<div class=\"elementor-cta\">\n\t\t\t\t\t<div class=\"elementor-cta__bg-wrapper\">\n\t\t\t\t<div class=\"elementor-cta__bg elementor-bg\" style=\"background-image: url(https:\/\/alouvillas.com\/wp-content\/uploads\/2025\/05\/apartamento-vilajoiosa.jpg);\" role=\"img\" aria-label=\"apartamento-vilajoiosa\"><\/div>\n\t\t\t\t<div class=\"elementor-cta__bg-overlay\"><\/div>\n\t\t\t<\/div>\n\t\t\t\t\t\t\t<div class=\"elementor-cta__content\">\n\t\t\t\t\n\t\t\t\t\t\t\t\t\t<h2 class=\"elementor-cta__title elementor-cta__content-item elementor-content-item elementor-animated-item--grow\">\n\t\t\t\t\t\tApartamento Vilajoiosa\t\t\t\t\t<\/h2>\n\t\t\t\t\n\t\t\t\t\n\t\t\t\t\t\t\t\t\t<div class=\"elementor-cta__button-wrapper elementor-cta__content-item elementor-content-item elementor-animated-item--grow\">\n\t\t\t\t\t<a class=\"elementor-cta__button elementor-button elementor-size-\" href=\"http:\/\/alouvillas.com\/en\/villajoyosa-apartamento\/\">\n\t\t\t\t\t\tMore information\t\t\t\t\t<\/a>\n\t\t\t\t\t<\/div>\n\t\t\t\t\t\t\t<\/div>\n\t\t\t\t\t\t<\/div>\n\t\t\t\t\t\t<\/div>\n\t\t\t\t<\/div>\n\t\t\t\t\t<\/div>\n\t\t\t\t<\/div>\n\t\t<div class=\"elementor-element elementor-element-d9f07e4 e-con-full e-flex e-con e-child\" data-id=\"d9f07e4\" data-element_type=\"container\">\n\t\t<div class=\"elementor-element elementor-element-94f8faf e-con-full e-flex e-con e-child\" data-id=\"94f8faf\" data-element_type=\"container\" data-settings=\"{&quot;background_background&quot;:&quot;classic&quot;}\">\n\t\t<div class=\"elementor-element elementor-element-e71507a e-con-full e-flex e-con e-child\" data-id=\"e71507a\" data-element_type=\"container\">\n\t\t\t\t<div class=\"elementor-element elementor-element-cd15bf7 elementor-invisible elementor-widget elementor-widget-heading\" data-id=\"cd15bf7\" data-element_type=\"widget\" data-settings=\"{&quot;_animation&quot;:&quot;fadeIn&quot;}\" data-widget_type=\"heading.default\">\n\t\t\t\t<div class=\"elementor-widget-container\">\n\t\t\t\t\t<h2 class=\"elementor-heading-title elementor-size-default\">What do we take care of?<\/h2>\t\t\t\t<\/div>\n\t\t\t\t<\/div>\n\t\t<div class=\"elementor-element elementor-element-4bdde8c e-con-full e-flex e-con e-child\" data-id=\"4bdde8c\" data-element_type=\"container\">\n\t\t<div class=\"elementor-element elementor-element-19e9a53 e-con-full e-flex e-con e-child\" data-id=\"19e9a53\" data-element_type=\"container\">\n\t\t\t\t<div class=\"elementor-element elementor-element-2a291cf elementor-widget elementor-widget-text-editor\" data-id=\"2a291cf\" data-element_type=\"widget\" data-widget_type=\"text-editor.default\">\n\t\t\t\t<div class=\"elementor-widget-container\">\n\t\t\t\t\t\t\t\t\t<ul><li>We manage your property as a tourist accommodation, handling guest communication, online platform management, police registration, property maintenance, professional cleaning, hiring a photographer, and coordinating any necessary decoration or renovations to enhance its appeal.<\/li><li>You receive a fixed, guaranteed monthly income. No matter what happens, you'll always receive the same amount every month.<\/li><li>We manage your tourist license (We manage it but this cost is the owner's responsibility)<\/li><li>You can still use your property, but you must give six months' notice of the dates, and there is a maximum of two weeks for high season (June, July, and August). The amount you get paid monthly will be calculated depending on how long you stay that month.<\/li><\/ul>\t\t\t\t\t\t\t\t<\/div>\n\t\t\t\t<\/div>\n\t\t\t\t<\/div>\n\t\t\t\t<\/div>\n\t\t\t\t<\/div>\n\t\t<div class=\"elementor-element elementor-element-8955837 e-con-full e-flex e-con e-child\" data-id=\"8955837\" data-element_type=\"container\">\n\t\t\t\t<div class=\"elementor-element elementor-element-1ce5237 elementor-invisible elementor-widget elementor-widget-heading\" data-id=\"1ce5237\" data-element_type=\"widget\" data-settings=\"{&quot;_animation&quot;:&quot;fadeIn&quot;}\" data-widget_type=\"heading.default\">\n\t\t\t\t<div class=\"elementor-widget-container\">\n\t\t\t\t\t<h2 class=\"elementor-heading-title elementor-size-default\">Benefits<\/h2>\t\t\t\t<\/div>\n\t\t\t\t<\/div>\n\t\t\t\t<div class=\"elementor-element elementor-element-7992b5d elementor-widget__width-initial elementor-widget elementor-widget-text-editor\" data-id=\"7992b5d\" data-element_type=\"widget\" data-widget_type=\"text-editor.default\">\n\t\t\t\t<div class=\"elementor-widget-container\">\n\t\t\t\t\t\t\t\t\t<ul><li>Fixed and secure income every month, regardless of the season.<\/li><li>Zero worries, you don't have to worry about anything, we handle all of it.<\/li><li>Ideal for those who value stability and tranquility.<\/li><\/ul>\t\t\t\t\t\t\t\t<\/div>\n\t\t\t\t<\/div>\n\t\t\t\t<\/div>\n\t\t\t\t<\/div>\n\t\t\t\t<\/div>\n\t\t\t\t<\/div>\n\t\t\t\t\t<\/div>\n\t\t\t\t<\/div>\n\t\t\t\t<\/div>","protected":false},"excerpt":{"rendered":"<p>Rent to rent Con el modelo rent to rent, Alou Villas alquila tu propiedad por un per\u00edodo determinado (normalmente de 3 a 5 a\u00f1os) y te paga un alquiler mensual fijo, independientemente de la ocupaci\u00f3n del alojamiento. Chalet Denia M\u00e1s informaci\u00f3n Apartamento Vilajoiosa M\u00e1s informaci\u00f3n \u00bfDe qu\u00e9 nos encargamos? Gestionamos tu propiedad como alojamiento tur\u00edstico, [&hellip;]<\/p>","protected":false},"author":1,"featured_media":0,"parent":0,"menu_order":0,"comment_status":"closed","ping_status":"closed","template":"","meta":{"footnotes":""},"class_list":["post-345","page","type-page","status-publish","hentry"],"_links":{"self":[{"href":"http:\/\/alouvillas.com\/en\/wp-json\/wp\/v2\/pages\/345","targetHints":{"allow":["GET"]}}],"collection":[{"href":"http:\/\/alouvillas.com\/en\/wp-json\/wp\/v2\/pages"}],"about":[{"href":"http:\/\/alouvillas.com\/en\/wp-json\/wp\/v2\/types\/page"}],"author":[{"embeddable":true,"href":"http:\/\/alouvillas.com\/en\/wp-json\/wp\/v2\/users\/1"}],"replies":[{"embeddable":true,"href":"http:\/\/alouvillas.com\/en\/wp-json\/wp\/v2\/comments?post=345"}],"version-history":[{"count":19,"href":"http:\/\/alouvillas.com\/en\/wp-json\/wp\/v2\/pages\/345\/revisions"}],"predecessor-version":[{"id":791,"href":"http:\/\/alouvillas.com\/en\/wp-json\/wp\/v2\/pages\/345\/revisions\/791"}],"wp:attachment":[{"href":"http:\/\/alouvillas.com\/en\/wp-json\/wp\/v2\/media?parent=345"}],"curies":[{"name":"wp","href":"https:\/\/api.w.org\/{rel}","templated":true}]}}