{"id":340,"date":"2025-05-19T18:10:27","date_gmt":"2025-05-19T16:10:27","guid":{"rendered":"https:\/\/alouvillas.com\/?page_id=340"},"modified":"2025-08-13T11:00:58","modified_gmt":"2025-08-13T09:00:58","slug":"gestion-apartamentos-alicante","status":"publish","type":"page","link":"http:\/\/alouvillas.com\/en\/gestion-apartamentos-alicante\/","title":{"rendered":"gesti\u00f3n apartamentos alicante"},"content":{"rendered":"<div data-elementor-type=\"wp-page\" data-elementor-id=\"340\" class=\"elementor elementor-340\" data-elementor-post-type=\"page\">\n\t\t\t\t<div class=\"elementor-element elementor-element-183a1bd e-con-full home-header e-flex e-con e-parent\" data-id=\"183a1bd\" data-element_type=\"container\" data-settings=\"{&quot;background_background&quot;:&quot;video&quot;,&quot;background_video_link&quot;:&quot;https:\\\/\\\/alouvillas.com\\\/wp-content\\\/uploads\\\/2025\\\/05\\\/gestion-alquiler-vacacional.mov&quot;,&quot;background_play_on_mobile&quot;:&quot;yes&quot;}\">\n\t\t<div class=\"elementor-background-video-container\" aria-hidden=\"true\">\n\t\t\t\t\t\t\t<video class=\"elementor-background-video-hosted\" autoplay muted playsinline loop><\/video>\n\t\t\t\t\t<\/div>\t\t<div class=\"elementor-element elementor-element-119ae72 elementor-widget__width-initial elementor-invisible elementor-widget elementor-widget-heading\" data-id=\"119ae72\" data-element_type=\"widget\" data-settings=\"{&quot;_animation&quot;:&quot;fadeIn&quot;}\" data-widget_type=\"heading.default\">\n\t\t\t\t<div class=\"elementor-widget-container\">\n\t\t\t\t\t<h2 class=\"elementor-heading-title elementor-size-default\">Full property management<\/h2>\t\t\t\t<\/div>\n\t\t\t\t<\/div>\n\t\t\t\t<div class=\"elementor-element elementor-element-7259f6f elementor-widget__width-initial elementor-widget elementor-widget-text-editor\" data-id=\"7259f6f\" data-element_type=\"widget\" data-widget_type=\"text-editor.default\">\n\t\t\t\t<div class=\"elementor-widget-container\">\n\t\t\t\t\t\t\t\t\t<p>At Alou Villas, our full property management service handles every aspect of your vacation rental \u2014 from guest communication to cleaning and maintenance \u2014 all while you keep full ownership and control of your property.<\/p>\t\t\t\t\t\t\t\t<\/div>\n\t\t\t\t<\/div>\n\t\t\t\t<\/div>\n\t\t<div class=\"elementor-element elementor-element-2649bdf e-flex e-con-boxed e-con e-parent\" data-id=\"2649bdf\" data-element_type=\"container\">\n\t\t\t\t\t<div class=\"e-con-inner\">\n\t\t<div class=\"elementor-element elementor-element-c87c9db e-con-full e-flex e-con e-child\" data-id=\"c87c9db\" data-element_type=\"container\">\n\t\t<div class=\"elementor-element elementor-element-231ef70 e-con-full e-flex e-con e-child\" data-id=\"231ef70\" data-element_type=\"container\" data-settings=\"{&quot;background_background&quot;:&quot;classic&quot;}\">\n\t\t<div class=\"elementor-element elementor-element-9e5a419 e-con-full e-flex e-con e-child\" data-id=\"9e5a419\" data-element_type=\"container\">\n\t\t\t\t<div class=\"elementor-element elementor-element-bbc5c40 elementor-invisible elementor-widget elementor-widget-heading\" data-id=\"bbc5c40\" data-element_type=\"widget\" data-settings=\"{&quot;_animation&quot;:&quot;fadeIn&quot;}\" data-widget_type=\"heading.default\">\n\t\t\t\t<div class=\"elementor-widget-container\">\n\t\t\t\t\t<h2 class=\"elementor-heading-title elementor-size-default\">What do we take care of?<\/h2>\t\t\t\t<\/div>\n\t\t\t\t<\/div>\n\t\t<div class=\"elementor-element elementor-element-e4359f8 e-con-full e-flex e-con e-child\" data-id=\"e4359f8\" data-element_type=\"container\">\n\t\t<div class=\"elementor-element elementor-element-18adb08 e-con-full e-flex e-con e-child\" data-id=\"18adb08\" data-element_type=\"container\">\n\t\t\t\t<div class=\"elementor-element elementor-element-b7fe3a9 elementor-widget elementor-widget-text-editor\" data-id=\"b7fe3a9\" data-element_type=\"widget\" data-widget_type=\"text-editor.default\">\n\t\t\t\t<div class=\"elementor-widget-container\">\n\t\t\t\t\t\t\t\t\t<ul><li><strong>Creation and optimization of advertisement <\/strong>on platforms, our website, and social media.<\/li><li><strong>Communication<\/strong> with guests.<\/li><li><strong>Professional photography<\/strong> (This cost is the owner's responsibility.)<\/li><li><strong>It is mandatory by law to register all guest information with the police.<\/strong> Don\u2019t worry \u2014 we handle this entire process for you, ensuring full legal compliance.<\/li><li><strong>Tourist License Management.<\/strong>We take care of everything for you \u2014 from preparing and submitting all necessary documents to the city council and the Generalitat Valenciana (GVA), ensuring your property is fully licensed and compliant. (This cost is the owner's responsibility.)<\/li><li>Guest check-in and check-out.<\/li><li><strong>Cleaning and laundry<\/strong> (We manage it but this cost is the owner's responsibility)<\/li><li><strong>Maintenance<\/strong> (We manage it but this cost is the owner's responsibility)<\/li><li><strong>Dynamic Pricing Management.<\/strong> We optimize your rental rates by season and day, using thorough market research to maximize your income.<\/li><li><strong>Accounting and Payments<\/strong>We'll send you a monthly invoice containing your costs, all income will be paid directly to your bank account.<\/li><li>We <strong>help you decorate, renovate, and clean to give your apartment<\/strong> or villa a new look and make it more attractive.<\/li><li><strong>We take great care to keep your apartment or villa spotless<\/strong> , in excellent condition, and always ready for you to enjoy whenever you wish.<\/li><\/ul>\t\t\t\t\t\t\t\t<\/div>\n\t\t\t\t<\/div>\n\t\t\t\t<\/div>\n\t\t\t\t<\/div>\n\t\t\t\t<\/div>\n\t\t<div class=\"elementor-element elementor-element-ccb2d2c e-con-full e-flex e-con e-child\" data-id=\"ccb2d2c\" data-element_type=\"container\">\n\t\t\t\t<div class=\"elementor-element elementor-element-79451a0 elementor-invisible elementor-widget elementor-widget-heading\" data-id=\"79451a0\" data-element_type=\"widget\" data-settings=\"{&quot;_animation&quot;:&quot;fadeIn&quot;}\" data-widget_type=\"heading.default\">\n\t\t\t\t<div class=\"elementor-widget-container\">\n\t\t\t\t\t<h2 class=\"elementor-heading-title elementor-size-default\">Benefits<\/h2>\t\t\t\t<\/div>\n\t\t\t\t<\/div>\n\t\t\t\t<div class=\"elementor-element elementor-element-8257786 elementor-widget elementor-widget-text-editor\" data-id=\"8257786\" data-element_type=\"widget\" data-widget_type=\"text-editor.default\">\n\t\t\t\t<div class=\"elementor-widget-container\">\n\t\t\t\t\t\t\t\t\t<ul><li>More control of your property, no work for you.<\/li><li>More control of your property, no work for you.<\/li><li>We work with platforms that offer insurance of up to 1 million euros if anything happens to your property.<\/li><li>You earn variable income throughout the year, usually higher during peak season<\/li><li>We turn your property into a passive income, that keeps it in top condition without you having to worry about anything.<\/li><li>Don't worry about anything: Alou Villas manages everything for you.<\/li><\/ul>\t\t\t\t\t\t\t\t<\/div>\n\t\t\t\t<\/div>\n\t\t\t\t<\/div>\n\t\t\t\t<\/div>\n\t\t\t\t<\/div>\n\t\t\t\t\t<\/div>\n\t\t\t\t<\/div>\n\t\t\t\t<\/div>","protected":false},"excerpt":{"rendered":"<p>Gesti\u00f3n completa de propiedades En Alou Villas, nuestro servicio de gesti\u00f3n completa se encarga de todos los aspectos de tu vivienda vacacional, desde la comunicaci\u00f3n con los hu\u00e9spedes hasta la limpieza y el mantenimiento, mientras t\u00fa mantienes la propiedad y el control total de tu vivienda. \u00bfDe qu\u00e9 nos encargamos? Creaci\u00f3n y optimizaci\u00f3n de anuncios [&hellip;]<\/p>","protected":false},"author":1,"featured_media":0,"parent":0,"menu_order":0,"comment_status":"closed","ping_status":"closed","template":"","meta":{"footnotes":""},"class_list":["post-340","page","type-page","status-publish","hentry"],"_links":{"self":[{"href":"http:\/\/alouvillas.com\/en\/wp-json\/wp\/v2\/pages\/340","targetHints":{"allow":["GET"]}}],"collection":[{"href":"http:\/\/alouvillas.com\/en\/wp-json\/wp\/v2\/pages"}],"about":[{"href":"http:\/\/alouvillas.com\/en\/wp-json\/wp\/v2\/types\/page"}],"author":[{"embeddable":true,"href":"http:\/\/alouvillas.com\/en\/wp-json\/wp\/v2\/users\/1"}],"replies":[{"embeddable":true,"href":"http:\/\/alouvillas.com\/en\/wp-json\/wp\/v2\/comments?post=340"}],"version-history":[{"count":34,"href":"http:\/\/alouvillas.com\/en\/wp-json\/wp\/v2\/pages\/340\/revisions"}],"predecessor-version":[{"id":788,"href":"http:\/\/alouvillas.com\/en\/wp-json\/wp\/v2\/pages\/340\/revisions\/788"}],"wp:attachment":[{"href":"http:\/\/alouvillas.com\/en\/wp-json\/wp\/v2\/media?parent=340"}],"curies":[{"name":"wp","href":"https:\/\/api.w.org\/{rel}","templated":true}]}}